{"id":750,"date":"2023-08-13T12:31:12","date_gmt":"2023-08-13T16:31:12","guid":{"rendered":"https:\/\/buzzrealties.ca\/?page_id=750"},"modified":"2024-01-18T10:39:13","modified_gmt":"2024-01-18T14:39:13","slug":"services","status":"publish","type":"page","link":"https:\/\/buzzrealties.ca\/fr\/services\/","title":{"rendered":"SERVICES"},"content":{"rendered":"<div data-elementor-type=\"wp-page\" data-elementor-id=\"750\" class=\"elementor elementor-750\" data-elementor-post-type=\"page\">\n\t\t\t\t\t\t<section class=\"elementor-section elementor-top-section elementor-element elementor-element-4b52af93 elementor-section-content-middle elementor-reverse-tablet elementor-reverse-mobile elementor-section-boxed elementor-section-height-default elementor-section-height-default\" data-id=\"4b52af93\" data-element_type=\"section\" data-settings=\"{&quot;background_background&quot;:&quot;classic&quot;}\">\n\t\t\t\t\t\t\t<div class=\"elementor-background-overlay\"><\/div>\n\t\t\t\t\t\t\t<div class=\"elementor-container elementor-column-gap-no\">\n\t\t\t\t\t<div class=\"elementor-column elementor-col-100 elementor-top-column elementor-element elementor-element-4d837a74\" data-id=\"4d837a74\" data-element_type=\"column\">\n\t\t\t<div class=\"elementor-widget-wrap elementor-element-populated\">\n\t\t\t\t\t\t<div class=\"elementor-element elementor-element-17eda1d elementor-widget elementor-widget-heading\" data-id=\"17eda1d\" data-element_type=\"widget\" data-widget_type=\"heading.default\">\n\t\t\t\t<div class=\"elementor-widget-container\">\n\t\t\t\t\t<h2 class=\"elementor-heading-title elementor-size-default\">SERVICES<\/h2>\t\t\t\t<\/div>\n\t\t\t\t<\/div>\n\t\t\t\t<div class=\"elementor-element elementor-element-20251c60 elementor-widget-divider--view-line elementor-widget elementor-widget-divider\" data-id=\"20251c60\" data-element_type=\"widget\" data-widget_type=\"divider.default\">\n\t\t\t\t<div class=\"elementor-widget-container\">\n\t\t\t\t\t\t\t<div class=\"elementor-divider\">\n\t\t\t<span class=\"elementor-divider-separator\">\n\t\t\t\t\t\t<\/span>\n\t\t<\/div>\n\t\t\t\t\t\t<\/div>\n\t\t\t\t<\/div>\n\t\t\t\t\t<\/div>\n\t\t<\/div>\n\t\t\t\t\t<\/div>\n\t\t<\/section>\n\t\t\t\t<section class=\"elementor-section elementor-top-section elementor-element elementor-element-fc30cdb elementor-section-boxed elementor-section-height-default elementor-section-height-default\" data-id=\"fc30cdb\" data-element_type=\"section\">\n\t\t\t\t\t\t<div class=\"elementor-container elementor-column-gap-default\">\n\t\t\t\t\t<div class=\"elementor-column elementor-col-100 elementor-top-column elementor-element elementor-element-2619c1d\" data-id=\"2619c1d\" data-element_type=\"column\">\n\t\t\t<div class=\"elementor-widget-wrap elementor-element-populated\">\n\t\t\t\t\t\t<div class=\"elementor-element elementor-element-1e98b7f elementor-widget elementor-widget-spacer\" data-id=\"1e98b7f\" data-element_type=\"widget\" data-widget_type=\"spacer.default\">\n\t\t\t\t<div class=\"elementor-widget-container\">\n\t\t\t\t\t\t\t<div class=\"elementor-spacer\">\n\t\t\t<div class=\"elementor-spacer-inner\"><\/div>\n\t\t<\/div>\n\t\t\t\t\t\t<\/div>\n\t\t\t\t<\/div>\n\t\t\t\t\t<\/div>\n\t\t<\/div>\n\t\t\t\t\t<\/div>\n\t\t<\/section>\n\t\t\t\t<section class=\"elementor-section elementor-top-section elementor-element elementor-element-094f314 elementor-section-boxed elementor-section-height-default elementor-section-height-default\" data-id=\"094f314\" data-element_type=\"section\">\n\t\t\t\t\t\t<div class=\"elementor-container elementor-column-gap-default\">\n\t\t\t\t\t<div class=\"elementor-column elementor-col-50 elementor-top-column elementor-element elementor-element-e48e2e8\" data-id=\"e48e2e8\" data-element_type=\"column\">\n\t\t\t<div class=\"elementor-widget-wrap elementor-element-populated\">\n\t\t\t\t\t\t<div class=\"elementor-element elementor-element-f6f8c9d elementor-widget elementor-widget-image\" data-id=\"f6f8c9d\" data-element_type=\"widget\" data-widget_type=\"image.default\">\n\t\t\t\t<div class=\"elementor-widget-container\">\n\t\t\t\t\t\t\t\t\t\t\t\t\t\t\t<img fetchpriority=\"high\" decoding=\"async\" width=\"768\" height=\"578\" src=\"https:\/\/buzzrealties.ca\/wp-content\/uploads\/2023\/08\/tourism-688226_960_720-768x578.jpg\" class=\"attachment-medium_large size-medium_large wp-image-783\" alt=\"\" srcset=\"https:\/\/buzzrealties.ca\/wp-content\/uploads\/2023\/08\/tourism-688226_960_720-768x578.jpg 768w, https:\/\/buzzrealties.ca\/wp-content\/uploads\/2023\/08\/tourism-688226_960_720-300x226.jpg 300w, https:\/\/buzzrealties.ca\/wp-content\/uploads\/2023\/08\/tourism-688226_960_720.jpg 851w\" sizes=\"(max-width: 768px) 100vw, 768px\" \/>\t\t\t\t\t\t\t\t\t\t\t\t\t\t\t<\/div>\n\t\t\t\t<\/div>\n\t\t\t\t\t<\/div>\n\t\t<\/div>\n\t\t\t\t<div class=\"elementor-column elementor-col-50 elementor-top-column elementor-element elementor-element-6d1f577\" data-id=\"6d1f577\" data-element_type=\"column\">\n\t\t\t<div class=\"elementor-widget-wrap elementor-element-populated\">\n\t\t\t\t\t\t<div class=\"elementor-element elementor-element-12cad96 elementor-widget elementor-widget-heading\" data-id=\"12cad96\" data-element_type=\"widget\" data-widget_type=\"heading.default\">\n\t\t\t\t<div class=\"elementor-widget-container\">\n\t\t\t\t\t<h2 class=\"elementor-heading-title elementor-size-large\">Services immobiliers commerciaux<\/h2>\t\t\t\t<\/div>\n\t\t\t\t<\/div>\n\t\t\t\t<div class=\"elementor-element elementor-element-ecf070a elementor-widget elementor-widget-text-editor\" data-id=\"ecf070a\" data-element_type=\"widget\" data-widget_type=\"text-editor.default\">\n\t\t\t\t<div class=\"elementor-widget-container\">\n\t\t\t\t\t\t\t\t\t<p>Chez Buzz Realties, nous sommes votre destination pour une large gamme de services complets d'investissement immobilier : identification de la propri\u00e9t\u00e9, analyse d\u00e9taill\u00e9e du march\u00e9 et d\u00e9veloppement d'une strat\u00e9gie d'investissement. Nous vous guidons \u00e0 travers les complexit\u00e9s de l\u2019\u00e9valuation fonci\u00e8re et vous aidons \u00e0 prendre des d\u00e9cisions \u00e9clair\u00e9es en analysant les dossiers immobiliers, les donn\u00e9es financi\u00e8res et les contrats de location. De plus, nos n\u00e9gociateurs qualifi\u00e9s travaillent sans rel\u00e2che pour obtenir des conditions favorables, garantissant ainsi que vos acquisitions d'immeubles \u00e0 revenus sont rentables et s\u00e9curis\u00e9es.<\/p>\t\t\t\t\t\t\t\t<\/div>\n\t\t\t\t<\/div>\n\t\t\t\t\t<\/div>\n\t\t<\/div>\n\t\t\t\t\t<\/div>\n\t\t<\/section>\n\t\t\t\t<section class=\"elementor-section elementor-top-section elementor-element elementor-element-a09d7c7 elementor-section-boxed elementor-section-height-default elementor-section-height-default\" data-id=\"a09d7c7\" data-element_type=\"section\">\n\t\t\t\t\t\t<div class=\"elementor-container elementor-column-gap-default\">\n\t\t\t\t\t<div class=\"elementor-column elementor-col-100 elementor-top-column elementor-element elementor-element-05c4d68\" data-id=\"05c4d68\" data-element_type=\"column\">\n\t\t\t<div class=\"elementor-widget-wrap elementor-element-populated\">\n\t\t\t\t\t\t<div class=\"elementor-element elementor-element-e6bbb5d elementor-widget elementor-widget-spacer\" data-id=\"e6bbb5d\" data-element_type=\"widget\" data-widget_type=\"spacer.default\">\n\t\t\t\t<div class=\"elementor-widget-container\">\n\t\t\t\t\t\t\t<div class=\"elementor-spacer\">\n\t\t\t<div class=\"elementor-spacer-inner\"><\/div>\n\t\t<\/div>\n\t\t\t\t\t\t<\/div>\n\t\t\t\t<\/div>\n\t\t\t\t\t<\/div>\n\t\t<\/div>\n\t\t\t\t\t<\/div>\n\t\t<\/section>\n\t\t\t\t<section class=\"elementor-section elementor-top-section elementor-element elementor-element-41d2f59 elementor-section-boxed elementor-section-height-default elementor-section-height-default\" data-id=\"41d2f59\" data-element_type=\"section\">\n\t\t\t\t\t\t<div class=\"elementor-container elementor-column-gap-default\">\n\t\t\t\t\t<div class=\"elementor-column elementor-col-50 elementor-top-column elementor-element elementor-element-78a18f4\" data-id=\"78a18f4\" data-element_type=\"column\">\n\t\t\t<div class=\"elementor-widget-wrap elementor-element-populated\">\n\t\t\t\t\t\t<div class=\"elementor-element elementor-element-7448769 elementor-widget elementor-widget-image\" data-id=\"7448769\" data-element_type=\"widget\" data-widget_type=\"image.default\">\n\t\t\t\t<div class=\"elementor-widget-container\">\n\t\t\t\t\t\t\t\t\t\t\t\t\t\t\t<img decoding=\"async\" data-src=\"https:\/\/buzzrealties.ca\/wp-content\/uploads\/2023\/08\/18_.jpg\" title=\"\" alt=\"\" src=\"data:image\/svg+xml;base64,PHN2ZyB3aWR0aD0iMSIgaGVpZ2h0PSIxIiB4bWxucz0iaHR0cDovL3d3dy53My5vcmcvMjAwMC9zdmciPjwvc3ZnPg==\" class=\"lazyload\" \/>\t\t\t\t\t\t\t\t\t\t\t\t\t\t\t<\/div>\n\t\t\t\t<\/div>\n\t\t\t\t<div class=\"elementor-element elementor-element-ea36e4a elementor-widget elementor-widget-image\" data-id=\"ea36e4a\" data-element_type=\"widget\" data-widget_type=\"image.default\">\n\t\t\t\t<div class=\"elementor-widget-container\">\n\t\t\t\t\t\t\t\t\t\t\t\t\t\t\t<img decoding=\"async\" width=\"768\" height=\"682\" data-src=\"https:\/\/buzzrealties.ca\/wp-content\/uploads\/2023\/08\/2img41667-768x682.jpg\" class=\"attachment-medium_large size-medium_large wp-image-838 lazyload\" alt=\"\" data-srcset=\"https:\/\/buzzrealties.ca\/wp-content\/uploads\/2023\/08\/2img41667-768x682.jpg 768w, https:\/\/buzzrealties.ca\/wp-content\/uploads\/2023\/08\/2img41667-300x266.jpg 300w, https:\/\/buzzrealties.ca\/wp-content\/uploads\/2023\/08\/2img41667.jpg 1014w\" data-sizes=\"(max-width: 768px) 100vw, 768px\" src=\"data:image\/svg+xml;base64,PHN2ZyB3aWR0aD0iMSIgaGVpZ2h0PSIxIiB4bWxucz0iaHR0cDovL3d3dy53My5vcmcvMjAwMC9zdmciPjwvc3ZnPg==\" style=\"--smush-placeholder-width: 768px; --smush-placeholder-aspect-ratio: 768\/682;\" \/>\t\t\t\t\t\t\t\t\t\t\t\t\t\t\t<\/div>\n\t\t\t\t<\/div>\n\t\t\t\t\t<\/div>\n\t\t<\/div>\n\t\t\t\t<div class=\"elementor-column elementor-col-50 elementor-top-column elementor-element elementor-element-dd8621a\" data-id=\"dd8621a\" data-element_type=\"column\">\n\t\t\t<div class=\"elementor-widget-wrap elementor-element-populated\">\n\t\t\t\t\t\t<div class=\"elementor-element elementor-element-209bb31 elementor-widget elementor-widget-heading\" data-id=\"209bb31\" data-element_type=\"widget\" data-widget_type=\"heading.default\">\n\t\t\t\t<div class=\"elementor-widget-container\">\n\t\t\t\t\t<h2 class=\"elementor-heading-title elementor-size-large\">Services immobiliers r\u00e9sidentiels<\/h2>\t\t\t\t<\/div>\n\t\t\t\t<\/div>\n\t\t\t\t<div class=\"elementor-element elementor-element-74f8b91 elementor-widget elementor-widget-text-editor\" data-id=\"74f8b91\" data-element_type=\"widget\" data-widget_type=\"text-editor.default\">\n\t\t\t\t<div class=\"elementor-widget-container\">\n\t\t\t\t\t\t\t\t\t<p>Les services immobiliers r\u00e9sidentiels de Buzz Realties sont con\u00e7us pour ceux qui recherchent des opportunit\u00e9s lucratives dans les immeubles \u00e0 revenus r\u00e9sidentiels. Notre \u00e9quipe est sp\u00e9cialis\u00e9e dans l'identification de propri\u00e9t\u00e9s \u00e0 fort potentiel de revenus locatifs, d'appr\u00e9ciation du capital et de valeur \u00e0 long terme. Nous aidons les investisseurs \u00e0 s\u00e9lectionner des propri\u00e9t\u00e9s \u00e0 revenus qui r\u00e9pondent \u00e0 leurs objectifs financiers et \u00e0 mener des analyses approfondies des tendances du march\u00e9 et des performances des propri\u00e9t\u00e9s.<\/p>\t\t\t\t\t\t\t\t<\/div>\n\t\t\t\t<\/div>\n\t\t\t\t\t<\/div>\n\t\t<\/div>\n\t\t\t\t\t<\/div>\n\t\t<\/section>\n\t\t\t\t<section class=\"elementor-section elementor-top-section elementor-element elementor-element-4d0ebd0 elementor-section-boxed elementor-section-height-default elementor-section-height-default\" data-id=\"4d0ebd0\" data-element_type=\"section\">\n\t\t\t\t\t\t<div class=\"elementor-container elementor-column-gap-default\">\n\t\t\t\t\t<div class=\"elementor-column elementor-col-100 elementor-top-column elementor-element elementor-element-e455e88\" data-id=\"e455e88\" data-element_type=\"column\">\n\t\t\t<div class=\"elementor-widget-wrap elementor-element-populated\">\n\t\t\t\t\t\t<div class=\"elementor-element elementor-element-e5153fc elementor-widget elementor-widget-spacer\" data-id=\"e5153fc\" data-element_type=\"widget\" data-widget_type=\"spacer.default\">\n\t\t\t\t<div class=\"elementor-widget-container\">\n\t\t\t\t\t\t\t<div class=\"elementor-spacer\">\n\t\t\t<div class=\"elementor-spacer-inner\"><\/div>\n\t\t<\/div>\n\t\t\t\t\t\t<\/div>\n\t\t\t\t<\/div>\n\t\t\t\t\t<\/div>\n\t\t<\/div>\n\t\t\t\t\t<\/div>\n\t\t<\/section>\n\t\t\t\t<section class=\"elementor-section elementor-top-section elementor-element elementor-element-0d0aa88 elementor-section-boxed elementor-section-height-default elementor-section-height-default\" data-id=\"0d0aa88\" data-element_type=\"section\">\n\t\t\t\t\t\t<div class=\"elementor-container elementor-column-gap-default\">\n\t\t\t\t\t<div class=\"elementor-column elementor-col-50 elementor-top-column elementor-element elementor-element-b43e532\" data-id=\"b43e532\" data-element_type=\"column\">\n\t\t\t<div class=\"elementor-widget-wrap elementor-element-populated\">\n\t\t\t\t\t\t<div class=\"elementor-element elementor-element-d31de2a elementor-widget elementor-widget-image\" data-id=\"d31de2a\" data-element_type=\"widget\" data-widget_type=\"image.default\">\n\t\t\t\t<div class=\"elementor-widget-container\">\n\t\t\t\t\t\t\t\t\t\t\t\t\t\t\t<img decoding=\"async\" width=\"527\" height=\"470\" data-src=\"https:\/\/buzzrealties.ca\/wp-content\/uploads\/2023\/08\/11790-61-1539696364-1-Copy.jpg\" class=\"attachment-medium_large size-medium_large wp-image-787 lazyload\" alt=\"\" data-srcset=\"https:\/\/buzzrealties.ca\/wp-content\/uploads\/2023\/08\/11790-61-1539696364-1-Copy.jpg 527w, https:\/\/buzzrealties.ca\/wp-content\/uploads\/2023\/08\/11790-61-1539696364-1-Copy-300x268.jpg 300w\" data-sizes=\"(max-width: 527px) 100vw, 527px\" src=\"data:image\/svg+xml;base64,PHN2ZyB3aWR0aD0iMSIgaGVpZ2h0PSIxIiB4bWxucz0iaHR0cDovL3d3dy53My5vcmcvMjAwMC9zdmciPjwvc3ZnPg==\" style=\"--smush-placeholder-width: 527px; --smush-placeholder-aspect-ratio: 527\/470;\" \/>\t\t\t\t\t\t\t\t\t\t\t\t\t\t\t<\/div>\n\t\t\t\t<\/div>\n\t\t\t\t\t<\/div>\n\t\t<\/div>\n\t\t\t\t<div class=\"elementor-column elementor-col-50 elementor-top-column elementor-element elementor-element-7f20ce4\" data-id=\"7f20ce4\" data-element_type=\"column\">\n\t\t\t<div class=\"elementor-widget-wrap elementor-element-populated\">\n\t\t\t\t\t\t<div class=\"elementor-element elementor-element-f9eaf0d elementor-widget elementor-widget-heading\" data-id=\"f9eaf0d\" data-element_type=\"widget\" data-widget_type=\"heading.default\">\n\t\t\t\t<div class=\"elementor-widget-container\">\n\t\t\t\t\t<h2 class=\"elementor-heading-title elementor-size-large\">Services hypoth\u00e9caires<\/h2>\t\t\t\t<\/div>\n\t\t\t\t<\/div>\n\t\t\t\t<div class=\"elementor-element elementor-element-583ed5b elementor-widget elementor-widget-text-editor\" data-id=\"583ed5b\" data-element_type=\"widget\" data-widget_type=\"text-editor.default\">\n\t\t\t\t<div class=\"elementor-widget-container\">\n\t\t\t\t\t\t\t\t\t<p>Nous comprenons le r\u00f4le essentiel que joue le financement dans les projets immobiliers \u00e0 revenus. Nous collaborons avec un r\u00e9seau de pr\u00eateurs pour vous proposer des options de pr\u00eat sur mesure adapt\u00e9es \u00e0 votre situation financi\u00e8re. Nous vous guidons tout au long du processus de demande de pr\u00eat hypoth\u00e9caire, en simplifiant les formalit\u00e9s administratives complexes et en garantissant une exp\u00e9rience fluide. En offrant une assistance personnalis\u00e9e dans l'exploration des taux hypoth\u00e9caires, des conditions et des options de remboursement, nous vous permettons de prendre des d\u00e9cisions \u00e9clair\u00e9es et align\u00e9es sur vos objectifs d'investissement immobilier \u00e0 revenus.<\/p>\t\t\t\t\t\t\t\t<\/div>\n\t\t\t\t<\/div>\n\t\t\t\t<div class=\"elementor-element elementor-element-18d0226 elementor-widget elementor-widget-button\" data-id=\"18d0226\" data-element_type=\"widget\" data-widget_type=\"button.default\">\n\t\t\t\t<div class=\"elementor-widget-container\">\n\t\t\t\t\t\t\t\t\t<div class=\"elementor-button-wrapper\">\n\t\t\t\t\t<a class=\"elementor-button elementor-button-link elementor-size-sm\" href=\"https:\/\/buzzrealties.ca\/fr\/mortgage\/\">\n\t\t\t\t\t\t<span class=\"elementor-button-content-wrapper\">\n\t\t\t\t\t\t\t\t\t<span class=\"elementor-button-text\">En savoir plus<\/span>\n\t\t\t\t\t<\/span>\n\t\t\t\t\t<\/a>\n\t\t\t\t<\/div>\n\t\t\t\t\t\t\t\t<\/div>\n\t\t\t\t<\/div>\n\t\t\t\t\t<\/div>\n\t\t<\/div>\n\t\t\t\t\t<\/div>\n\t\t<\/section>\n\t\t\t\t<section class=\"elementor-section elementor-top-section elementor-element elementor-element-a6d18f3 elementor-section-boxed elementor-section-height-default elementor-section-height-default\" data-id=\"a6d18f3\" data-element_type=\"section\">\n\t\t\t\t\t\t<div class=\"elementor-container elementor-column-gap-default\">\n\t\t\t\t\t<div class=\"elementor-column elementor-col-100 elementor-top-column elementor-element elementor-element-6843f5a\" data-id=\"6843f5a\" data-element_type=\"column\">\n\t\t\t<div class=\"elementor-widget-wrap\">\n\t\t\t\t\t\t\t<\/div>\n\t\t<\/div>\n\t\t\t\t\t<\/div>\n\t\t<\/section>\n\t\t\t\t<\/div>","protected":false},"excerpt":{"rendered":"<p>SERVICES Commercial Real Estate Services At Buzz Realties, we are your destination for a wide range of comprehensive real estate investment services: property identification, detailed market analysis and investment strategy development. We guide you through the complexities of property assessment and helping to make informed decisions by analyzing property records, financials, and lease agreements. Additionally, [&hellip;]<\/p>","protected":false},"author":1,"featured_media":0,"parent":0,"menu_order":0,"comment_status":"closed","ping_status":"closed","template":"","meta":{"footnotes":""},"class_list":["post-750","page","type-page","status-publish","hentry"],"yoast_head":"<!-- This site is optimized with the Yoast SEO plugin v26.7 - https:\/\/yoast.com\/wordpress\/plugins\/seo\/ -->\n<title>SERVICES - Real Estate Agency specializing in Revenue Properties<\/title>\n<meta name=\"robots\" content=\"index, follow, max-snippet:-1, max-image-preview:large, max-video-preview:-1\" \/>\n<link rel=\"canonical\" href=\"https:\/\/buzzrealties.ca\/fr\/services\/\" \/>\n<meta property=\"og:locale\" content=\"fr_CA\" \/>\n<meta property=\"og:type\" content=\"article\" \/>\n<meta property=\"og:title\" content=\"SERVICES - Real Estate Agency specializing in Revenue Properties\" \/>\n<meta property=\"og:description\" content=\"SERVICES Commercial Real Estate Services At Buzz Realties, we are your destination for a wide range of comprehensive real estate investment services: property identification, detailed market analysis and investment strategy development. We guide you through the complexities of property assessment and helping to make informed decisions by analyzing property records, financials, and lease agreements. Additionally, [&hellip;]\" \/>\n<meta property=\"og:url\" content=\"https:\/\/buzzrealties.ca\/fr\/services\/\" \/>\n<meta property=\"og:site_name\" content=\"Real Estate Agency specializing in Revenue Properties\" \/>\n<meta property=\"article:modified_time\" content=\"2024-01-18T14:39:13+00:00\" \/>\n<meta property=\"og:image\" content=\"https:\/\/buzzrealties.ca\/wp-content\/uploads\/2023\/08\/tourism-688226_960_720-768x578.jpg\" \/>\n<meta name=\"twitter:card\" content=\"summary_large_image\" \/>\n<meta name=\"twitter:label1\" content=\"Estimation du temps de lecture\" \/>\n\t<meta name=\"twitter:data1\" content=\"2 minutes\" \/>\n<script type=\"application\/ld+json\" class=\"yoast-schema-graph\">{\"@context\":\"https:\/\/schema.org\",\"@graph\":[{\"@type\":\"WebPage\",\"@id\":\"https:\/\/buzzrealties.ca\/services\/\",\"url\":\"https:\/\/buzzrealties.ca\/services\/\",\"name\":\"SERVICES - Real Estate Agency specializing in Revenue Properties\",\"isPartOf\":{\"@id\":\"https:\/\/buzzrealties.ca\/#website\"},\"primaryImageOfPage\":{\"@id\":\"https:\/\/buzzrealties.ca\/services\/#primaryimage\"},\"image\":{\"@id\":\"https:\/\/buzzrealties.ca\/services\/#primaryimage\"},\"thumbnailUrl\":\"https:\/\/buzzrealties.ca\/wp-content\/uploads\/2023\/08\/tourism-688226_960_720-768x578.jpg\",\"datePublished\":\"2023-08-13T16:31:12+00:00\",\"dateModified\":\"2024-01-18T14:39:13+00:00\",\"breadcrumb\":{\"@id\":\"https:\/\/buzzrealties.ca\/services\/#breadcrumb\"},\"inLanguage\":\"fr-CA\",\"potentialAction\":[{\"@type\":\"ReadAction\",\"target\":[\"https:\/\/buzzrealties.ca\/services\/\"]}]},{\"@type\":\"ImageObject\",\"inLanguage\":\"fr-CA\",\"@id\":\"https:\/\/buzzrealties.ca\/services\/#primaryimage\",\"url\":\"https:\/\/buzzrealties.ca\/wp-content\/uploads\/2023\/08\/tourism-688226_960_720-768x578.jpg\",\"contentUrl\":\"https:\/\/buzzrealties.ca\/wp-content\/uploads\/2023\/08\/tourism-688226_960_720-768x578.jpg\"},{\"@type\":\"BreadcrumbList\",\"@id\":\"https:\/\/buzzrealties.ca\/services\/#breadcrumb\",\"itemListElement\":[{\"@type\":\"ListItem\",\"position\":1,\"name\":\"Home\",\"item\":\"https:\/\/buzzrealties.ca\/\"},{\"@type\":\"ListItem\",\"position\":2,\"name\":\"SERVICES\"}]},{\"@type\":\"WebSite\",\"@id\":\"https:\/\/buzzrealties.ca\/#website\",\"url\":\"https:\/\/buzzrealties.ca\/\",\"name\":\"Real Estate Agency specializing in Revenue Properties\",\"description\":\"Real Estate Agency specializing in the sales and financing of Revenue Properties \u2013 Residential Apartment Buildings, Commercial and Industrial properties, Land for construction of Income Properties.\",\"publisher\":{\"@id\":\"https:\/\/buzzrealties.ca\/#organization\"},\"potentialAction\":[{\"@type\":\"SearchAction\",\"target\":{\"@type\":\"EntryPoint\",\"urlTemplate\":\"https:\/\/buzzrealties.ca\/?s={search_term_string}\"},\"query-input\":{\"@type\":\"PropertyValueSpecification\",\"valueRequired\":true,\"valueName\":\"search_term_string\"}}],\"inLanguage\":\"fr-CA\"},{\"@type\":\"Organization\",\"@id\":\"https:\/\/buzzrealties.ca\/#organization\",\"name\":\"Real Estate Agency specializing in Revenue Properties\",\"url\":\"https:\/\/buzzrealties.ca\/\",\"logo\":{\"@type\":\"ImageObject\",\"inLanguage\":\"fr-CA\",\"@id\":\"https:\/\/buzzrealties.ca\/#\/schema\/logo\/image\/\",\"url\":\"https:\/\/buzzrealties.ca\/wp-content\/uploads\/2024\/02\/real_estate_logo-plain-black.svg\",\"contentUrl\":\"https:\/\/buzzrealties.ca\/wp-content\/uploads\/2024\/02\/real_estate_logo-plain-black.svg\",\"width\":200,\"height\":100,\"caption\":\"Real Estate Agency specializing in Revenue Properties\"},\"image\":{\"@id\":\"https:\/\/buzzrealties.ca\/#\/schema\/logo\/image\/\"}}]}<\/script>\n<!-- \/ Yoast SEO plugin. -->","yoast_head_json":{"title":"SERVICES - Real Estate Agency specializing in Revenue Properties","robots":{"index":"index","follow":"follow","max-snippet":"max-snippet:-1","max-image-preview":"max-image-preview:large","max-video-preview":"max-video-preview:-1"},"canonical":"https:\/\/buzzrealties.ca\/fr\/services\/","og_locale":"fr_CA","og_type":"article","og_title":"SERVICES - Real Estate Agency specializing in Revenue Properties","og_description":"SERVICES Commercial Real Estate Services At Buzz Realties, we are your destination for a wide range of comprehensive real estate investment services: property identification, detailed market analysis and investment strategy development. We guide you through the complexities of property assessment and helping to make informed decisions by analyzing property records, financials, and lease agreements. Additionally, [&hellip;]","og_url":"https:\/\/buzzrealties.ca\/fr\/services\/","og_site_name":"Real Estate Agency specializing in Revenue Properties","article_modified_time":"2024-01-18T14:39:13+00:00","og_image":[{"url":"https:\/\/buzzrealties.ca\/wp-content\/uploads\/2023\/08\/tourism-688226_960_720-768x578.jpg","type":"","width":"","height":""}],"twitter_card":"summary_large_image","twitter_misc":{"Estimation du temps de lecture":"2 minutes"},"schema":{"@context":"https:\/\/schema.org","@graph":[{"@type":"WebPage","@id":"https:\/\/buzzrealties.ca\/services\/","url":"https:\/\/buzzrealties.ca\/services\/","name":"SERVICES - Real Estate Agency specializing in Revenue Properties","isPartOf":{"@id":"https:\/\/buzzrealties.ca\/#website"},"primaryImageOfPage":{"@id":"https:\/\/buzzrealties.ca\/services\/#primaryimage"},"image":{"@id":"https:\/\/buzzrealties.ca\/services\/#primaryimage"},"thumbnailUrl":"https:\/\/buzzrealties.ca\/wp-content\/uploads\/2023\/08\/tourism-688226_960_720-768x578.jpg","datePublished":"2023-08-13T16:31:12+00:00","dateModified":"2024-01-18T14:39:13+00:00","breadcrumb":{"@id":"https:\/\/buzzrealties.ca\/services\/#breadcrumb"},"inLanguage":"fr-CA","potentialAction":[{"@type":"ReadAction","target":["https:\/\/buzzrealties.ca\/services\/"]}]},{"@type":"ImageObject","inLanguage":"fr-CA","@id":"https:\/\/buzzrealties.ca\/services\/#primaryimage","url":"https:\/\/buzzrealties.ca\/wp-content\/uploads\/2023\/08\/tourism-688226_960_720-768x578.jpg","contentUrl":"https:\/\/buzzrealties.ca\/wp-content\/uploads\/2023\/08\/tourism-688226_960_720-768x578.jpg"},{"@type":"BreadcrumbList","@id":"https:\/\/buzzrealties.ca\/services\/#breadcrumb","itemListElement":[{"@type":"ListItem","position":1,"name":"Home","item":"https:\/\/buzzrealties.ca\/"},{"@type":"ListItem","position":2,"name":"SERVICES"}]},{"@type":"WebSite","@id":"https:\/\/buzzrealties.ca\/#website","url":"https:\/\/buzzrealties.ca\/","name":"Real Estate Agency specializing in Revenue Properties","description":"Real Estate Agency specializing in the sales and financing of Revenue Properties \u2013 Residential Apartment Buildings, Commercial and Industrial properties, Land for construction of Income Properties.","publisher":{"@id":"https:\/\/buzzrealties.ca\/#organization"},"potentialAction":[{"@type":"SearchAction","target":{"@type":"EntryPoint","urlTemplate":"https:\/\/buzzrealties.ca\/?s={search_term_string}"},"query-input":{"@type":"PropertyValueSpecification","valueRequired":true,"valueName":"search_term_string"}}],"inLanguage":"fr-CA"},{"@type":"Organization","@id":"https:\/\/buzzrealties.ca\/#organization","name":"Real Estate Agency specializing in Revenue Properties","url":"https:\/\/buzzrealties.ca\/","logo":{"@type":"ImageObject","inLanguage":"fr-CA","@id":"https:\/\/buzzrealties.ca\/#\/schema\/logo\/image\/","url":"https:\/\/buzzrealties.ca\/wp-content\/uploads\/2024\/02\/real_estate_logo-plain-black.svg","contentUrl":"https:\/\/buzzrealties.ca\/wp-content\/uploads\/2024\/02\/real_estate_logo-plain-black.svg","width":200,"height":100,"caption":"Real Estate Agency specializing in Revenue Properties"},"image":{"@id":"https:\/\/buzzrealties.ca\/#\/schema\/logo\/image\/"}}]}},"_links":{"self":[{"href":"https:\/\/buzzrealties.ca\/fr\/wp-json\/wp\/v2\/pages\/750","targetHints":{"allow":["GET"]}}],"collection":[{"href":"https:\/\/buzzrealties.ca\/fr\/wp-json\/wp\/v2\/pages"}],"about":[{"href":"https:\/\/buzzrealties.ca\/fr\/wp-json\/wp\/v2\/types\/page"}],"author":[{"embeddable":true,"href":"https:\/\/buzzrealties.ca\/fr\/wp-json\/wp\/v2\/users\/1"}],"replies":[{"embeddable":true,"href":"https:\/\/buzzrealties.ca\/fr\/wp-json\/wp\/v2\/comments?post=750"}],"version-history":[{"count":66,"href":"https:\/\/buzzrealties.ca\/fr\/wp-json\/wp\/v2\/pages\/750\/revisions"}],"predecessor-version":[{"id":1497,"href":"https:\/\/buzzrealties.ca\/fr\/wp-json\/wp\/v2\/pages\/750\/revisions\/1497"}],"wp:attachment":[{"href":"https:\/\/buzzrealties.ca\/fr\/wp-json\/wp\/v2\/media?parent=750"}],"curies":[{"name":"wp","href":"https:\/\/api.w.org\/{rel}","templated":true}]}}